{"id":2,"date":"2023-04-11T09:53:59","date_gmt":"2023-04-11T09:53:59","guid":{"rendered":"https:\/\/basexweb.de\/?page_id=2"},"modified":"2023-04-11T11:13:00","modified_gmt":"2023-04-11T11:13:00","slug":"schnellzugriff","status":"publish","type":"page","link":"https:\/\/basexweb.de\/","title":{"rendered":"Schnellzugriff"},"content":{"rendered":"\n<div class=\"wp-block-columns alignwide is-layout-flex wp-container-core-columns-is-layout-829b1d53 wp-block-columns-is-layout-flex\" style=\"margin-bottom:0\">\n<div class=\"wp-block-column has-tertiary-background-color has-text-color has-background has-link-color wp-elements-675f15584f06d5f0b6525c85e68f5464 is-layout-flow wp-block-column-is-layout-flow\" style=\"color:#000000;padding-top:2em;padding-right:2em;padding-bottom:2em;padding-left:2em\">\n<div class=\"wp-block-columns has-large-font-size is-layout-flex wp-container-core-columns-is-layout-01629885 wp-block-columns-is-layout-flex\" style=\"padding-top:var(--wp--preset--spacing--50);padding-right:var(--wp--preset--spacing--50);padding-bottom:var(--wp--preset--spacing--50);padding-left:var(--wp--preset--spacing--50)\">\n<div class=\"wp-block-column is-layout-flow wp-block-column-is-layout-flow\">\n<p class=\"has-text-align-left has-normal-font-size\" style=\"line-height:1.5\">Vereinfache die Verwaltung deiner WordPress-Webseite, optimiere Sicherheit und Performance mit nur wenigen Klicks im Control Panel.<\/p>\n<\/div>\n\n\n\n<div class=\"wp-block-column is-layout-flow wp-block-column-is-layout-flow\">\n<p class=\"has-text-align-left has-normal-font-size\" style=\"line-height:1.5\">Greife von \u00fcberall auf deine E-Mails zu, organisiere und verwalte sie m\u00fchelos mit unserer benutzerfreundlichen Oberfl\u00e4che!<\/p>\n<\/div>\n<\/div>\n\n\n\n<p><\/p>\n\n\n\n<div class=\"wp-block-buttons is-horizontal is-content-justification-left is-nowrap is-layout-flex wp-container-core-buttons-is-layout-8629a65a wp-block-buttons-is-layout-flex\">\n<div class=\"wp-block-button has-custom-width wp-block-button__width-50 has-custom-font-size is-style-fill has-medium-font-size\"><a class=\"wp-block-button__link has-quaternary-color has-primary-to-secondary-gradient-background has-text-color has-background wp-element-button\" href=\"https:\/\/admin.basexweb.de\" target=\"_blank\" rel=\"noreferrer noopener\">Zum Control Panel<\/a><\/div>\n\n\n\n<div class=\"wp-block-button has-custom-width wp-block-button__width-50 has-custom-font-size is-style-fill has-medium-font-size\"><a class=\"wp-block-button__link has-quaternary-color has-primary-to-secondary-gradient-background has-text-color has-background wp-element-button\" href=\"https:\/\/webmail.basexweb.de\" target=\"_blank\" rel=\"noreferrer noopener\">Zu Webmail<\/a><\/div>\n<\/div>\n<\/div>\n<\/div>\n\n\n\n<div style=\"height:100px\" aria-hidden=\"true\" class=\"wp-block-spacer\"><\/div>\n","protected":false},"excerpt":{"rendered":"<p>Vereinfache die Verwaltung deiner WordPress-Webseite, optimiere Sicherheit und Performance mit nur wenigen Klicks im Control Panel. Greife von \u00fcberall auf deine E-Mails zu, organisiere und verwalte sie m\u00fchelos mit unserer benutzerfreundlichen Oberfl\u00e4che!<\/p>\n","protected":false},"author":1,"featured_media":0,"parent":0,"menu_order":0,"comment_status":"closed","ping_status":"closed","template":"","meta":{"hide_page_title":"","footnotes":""},"class_list":["post-2","page","type-page","status-publish","hentry"],"_links":{"self":[{"href":"https:\/\/basexweb.de\/index.php\/wp-json\/wp\/v2\/pages\/2","targetHints":{"allow":["GET"]}}],"collection":[{"href":"https:\/\/basexweb.de\/index.php\/wp-json\/wp\/v2\/pages"}],"about":[{"href":"https:\/\/basexweb.de\/index.php\/wp-json\/wp\/v2\/types\/page"}],"author":[{"embeddable":true,"href":"https:\/\/basexweb.de\/index.php\/wp-json\/wp\/v2\/users\/1"}],"replies":[{"embeddable":true,"href":"https:\/\/basexweb.de\/index.php\/wp-json\/wp\/v2\/comments?post=2"}],"version-history":[{"count":16,"href":"https:\/\/basexweb.de\/index.php\/wp-json\/wp\/v2\/pages\/2\/revisions"}],"predecessor-version":[{"id":55,"href":"https:\/\/basexweb.de\/index.php\/wp-json\/wp\/v2\/pages\/2\/revisions\/55"}],"wp:attachment":[{"href":"https:\/\/basexweb.de\/index.php\/wp-json\/wp\/v2\/media?parent=2"}],"curies":[{"name":"wp","href":"https:\/\/api.w.org\/{rel}","templated":true}]}}